{"id":1032,"date":"2021-12-11T17:31:04","date_gmt":"2021-12-11T17:31:04","guid":{"rendered":"https:\/\/csu-seniorenunion-dgf-lan.de\/CMS\/?page_id=1032"},"modified":"2025-10-29T20:16:26","modified_gmt":"2025-10-29T20:16:26","slug":"willkommen-beim-kreisverband-der-csu-senioren-union-dingolfing-landau","status":"publish","type":"page","link":"https:\/\/csu-seniorenunion-dgf-lan.de\/","title":{"rendered":"Willkommen beim Kreisverband der CSU-Senioren-Union Dingolfing-Landau!"},"content":{"rendered":"\n<p>An dieser Stelle d\u00fcrfen wir uns kurz vorstellen:<\/p>\n\n\n\n<p>Gegr\u00fcndet wurde unser Kreisverband am 20. November 2002 im Landgasthof Apfelbeck in Mamming mit damals 56 Mitgliedern. Das Amt des Vorsitzenden bekleidete bis zum 22. Februar 2017 Helmut Stie\u00df. Unsere erfolgreiche Arbeit fand so gro\u00dfe Zustimmung, dass wir heute einen stolzen Stand von rund 200 Mitgliedern vorweisen k\u00f6nnen.<\/p>\n\n\n\n<p>Die Schwerpunkte unserer Arbeit liegen auf Politik, Kultur, Gesellschaft und der Bewahrung&nbsp;christlicher, abendl\u00e4ndischer Werte. Dabei geben wir unsere langj\u00e4hrige Lebenserfahrung gerne&nbsp;weiter und setzen uns besonders aktiv f\u00fcr die Belange und Probleme der \u00e4lteren Generation ein.&nbsp;Wir sind jedoch auch f\u00fcr die Anforderungen der Gegenwart mit ihren vielen Neuerungen und&nbsp;zeitgem\u00e4\u00dfen \u00c4nderungen offen. Dabei haben wir das Wohl unserer Kinder und Enkel im Blick.&nbsp;Deren Zukunft m\u00f6chten wir aktiv mitgestalten.<\/p>\n\n\n\n<p>Helfen Sie uns dabei! Stellen Sie Ihr Wissen und Ihren Erfahrungsschatz allen zur Verf\u00fcgung!&nbsp;Wir w\u00fcrden uns deshalb sehr freuen, Sie als Mitglied bei uns begr\u00fc\u00dfen zu d\u00fcrfen. Mitglied kann&nbsp;jeder werden, der das 60ste Lebensjahr vollendet hat.<\/p>\n\n\n\n<p>Es gr\u00fc\u00dft Sie im Namen der Vorstandschaft<\/p>\n\n\n\n<p>die&nbsp;Kreisvorsitzende<\/p>\n\n\n\n<p>Carmen B\u00f6hm<\/p>\n\n\n\n<p><meta charset=\"utf-8\">Kontakt: <a href=\"mailto:info@csu-seniorenunion-dgf-lan.de\">info@csu-seniorenunion-dgf-lan.de<\/a><\/p>\n","protected":false},"excerpt":{"rendered":"<p>An dieser Stelle d\u00fcrfen wir uns kurz vorstellen: Gegr\u00fcndet wurde unser Kreisverband am 20. November 2002 im Landgasthof Apfelbeck in Mamming mit damals 56 Mitgliedern. Das Amt des Vorsitzenden bekleidete bis zum 22. Februar 2017 Helmut Stie\u00df. Unsere erfolgreiche Arbeit fand so gro\u00dfe Zustimmung, dass wir heute einen stolzen Stand von rund 200 Mitgliedern vorweisen &#8230; <a title=\"Willkommen beim Kreisverband der CSU-Senioren-Union Dingolfing-Landau!\" class=\"read-more\" href=\"https:\/\/csu-seniorenunion-dgf-lan.de\/\" aria-label=\"Mehr Informationen \u00fcber Willkommen beim Kreisverband der CSU-Senioren-Union Dingolfing-Landau!\">Weiterlesen<\/a><\/p>\n","protected":false},"author":1,"featured_media":0,"parent":0,"menu_order":0,"comment_status":"closed","ping_status":"closed","template":"","meta":{"footnotes":""},"class_list":["post-1032","page","type-page","status-publish"],"_links":{"self":[{"href":"https:\/\/csu-seniorenunion-dgf-lan.de\/index.php?rest_route=\/wp\/v2\/pages\/1032","targetHints":{"allow":["GET"]}}],"collection":[{"href":"https:\/\/csu-seniorenunion-dgf-lan.de\/index.php?rest_route=\/wp\/v2\/pages"}],"about":[{"href":"https:\/\/csu-seniorenunion-dgf-lan.de\/index.php?rest_route=\/wp\/v2\/types\/page"}],"author":[{"embeddable":true,"href":"https:\/\/csu-seniorenunion-dgf-lan.de\/index.php?rest_route=\/wp\/v2\/users\/1"}],"replies":[{"embeddable":true,"href":"https:\/\/csu-seniorenunion-dgf-lan.de\/index.php?rest_route=%2Fwp%2Fv2%2Fcomments&post=1032"}],"version-history":[{"count":7,"href":"https:\/\/csu-seniorenunion-dgf-lan.de\/index.php?rest_route=\/wp\/v2\/pages\/1032\/revisions"}],"predecessor-version":[{"id":1635,"href":"https:\/\/csu-seniorenunion-dgf-lan.de\/index.php?rest_route=\/wp\/v2\/pages\/1032\/revisions\/1635"}],"wp:attachment":[{"href":"https:\/\/csu-seniorenunion-dgf-lan.de\/index.php?rest_route=%2Fwp%2Fv2%2Fmedia&parent=1032"}],"curies":[{"name":"wp","href":"https:\/\/api.w.org\/{rel}","templated":true}]}}